{"id":3793,"date":"2023-03-28T07:29:27","date_gmt":"2023-03-28T05:29:27","guid":{"rendered":"https:\/\/www.ptmas.cz\/?page_id=3793"},"modified":"2023-04-24T09:07:58","modified_gmt":"2023-04-24T07:07:58","slug":"ptm-hallconstruction-s-r-o","status":"publish","type":"page","link":"https:\/\/www.ptmas.cz\/de\/ptm-hallconstruction-s-r-o\/","title":{"rendered":"PTM HallConstruction s.r.o."},"content":{"rendered":"\t\t<div data-elementor-type=\"wp-page\" data-elementor-id=\"3793\" class=\"elementor elementor-3793 elementor-3765\">\n\t\t\t\t\t\t\t\t\t<section class=\"elementor-section elementor-top-section elementor-element elementor-element-e16a207 animated-slow elementor-section-boxed elementor-section-height-default elementor-section-height-default elementor-invisible\" data-id=\"e16a207\" data-element_type=\"section\" data-settings=\"{&quot;animation&quot;:&quot;fadeIn&quot;,&quot;animation_delay&quot;:1000}\">\n\t\t\t\t\t\t<div class=\"elementor-container elementor-column-gap-default\">\n\t\t\t\t\t<div class=\"elementor-column elementor-col-100 elementor-top-column elementor-element elementor-element-fe699ba\" data-id=\"fe699ba\" data-element_type=\"column\">\n\t\t\t<div class=\"elementor-widget-wrap elementor-element-populated\">\n\t\t\t\t\t\t\t\t<div class=\"elementor-element elementor-element-df8606d elementor-widget elementor-widget-heading\" data-id=\"df8606d\" data-element_type=\"widget\" data-widget_type=\"heading.default\">\n\t\t\t\t<div class=\"elementor-widget-container\">\n\t\t\t<style>\/*! elementor - v3.12.2 - 23-04-2023 *\/\n.elementor-heading-title{padding:0;margin:0;line-height:1}.elementor-widget-heading .elementor-heading-title[class*=elementor-size-]>a{color:inherit;font-size:inherit;line-height:inherit}.elementor-widget-heading .elementor-heading-title.elementor-size-small{font-size:15px}.elementor-widget-heading .elementor-heading-title.elementor-size-medium{font-size:19px}.elementor-widget-heading .elementor-heading-title.elementor-size-large{font-size:29px}.elementor-widget-heading .elementor-heading-title.elementor-size-xl{font-size:39px}.elementor-widget-heading .elementor-heading-title.elementor-size-xxl{font-size:59px}<\/style><h1 class=\"elementor-heading-title elementor-size-default\">PTM HallConstruction s.r.o.<\/h1>\t\t<\/div>\n\t\t\t\t<\/div>\n\t\t\t\t<div class=\"elementor-element elementor-element-486ed23 elementor-widget elementor-widget-text-editor\" data-id=\"486ed23\" data-element_type=\"widget\" data-widget_type=\"text-editor.default\">\n\t\t\t\t<div class=\"elementor-widget-container\">\n\t\t\t<style>\/*! elementor - v3.12.2 - 23-04-2023 *\/\n.elementor-widget-text-editor.elementor-drop-cap-view-stacked .elementor-drop-cap{background-color:#69727d;color:#fff}.elementor-widget-text-editor.elementor-drop-cap-view-framed .elementor-drop-cap{color:#69727d;border:3px solid;background-color:transparent}.elementor-widget-text-editor:not(.elementor-drop-cap-view-default) .elementor-drop-cap{margin-top:8px}.elementor-widget-text-editor:not(.elementor-drop-cap-view-default) .elementor-drop-cap-letter{width:1em;height:1em}.elementor-widget-text-editor .elementor-drop-cap{float:left;text-align:center;line-height:1;font-size:50px}.elementor-widget-text-editor .elementor-drop-cap-letter{display:inline-block}<\/style>\t\t\t\t<p style=\"text-align: center;\">Eine Abteilung der Holding, die sich mit der Herstellung und dem Bau von Innengeb\u00e4uden besch\u00e4ftigt.<br \/>Wir bieten unseren Kunden neue Geb\u00e4ude, Rekonstruktion, Erweiterungen, Umbau, Design und Build-Methode, f\u00fcr Indoor-Geb\u00e4ude der folgenden Arten:<\/p><p>Lagerung<br \/>Produktion<br \/>Sport<br \/>Hauptquartiere und Einrichtungen<br \/>Mehrzweckgeb\u00e4ude<br \/>Hangars<br \/>Agro-Segment<\/p><p><br \/>&#8211; Segeltuch &#8211; tempor\u00e4r, permanent<br \/>&#8211; Stahl<br \/>&#8211; Prefa<br \/>&#8211; aus Holz<br \/>einst\u00f6ckig<br \/>mehrst\u00f6ckig<\/p>\t\t\t\t\t\t<\/div>\n\t\t\t\t<\/div>\n\t\t\t\t\t<\/div>\n\t\t<\/div>\n\t\t\t\t\t\t\t<\/div>\n\t\t<\/section>\n\t\t\t\t<section class=\"elementor-section elementor-top-section elementor-element elementor-element-f0693d2 elementor-section-boxed elementor-section-height-default elementor-section-height-default\" data-id=\"f0693d2\" data-element_type=\"section\">\n\t\t\t\t\t\t<div class=\"elementor-container elementor-column-gap-default\">\n\t\t\t\t\t<div class=\"elementor-column elementor-col-100 elementor-top-column elementor-element elementor-element-cdfe911\" data-id=\"cdfe911\" data-element_type=\"column\">\n\t\t\t<div class=\"elementor-widget-wrap elementor-element-populated\">\n\t\t\t\t\t\t\t\t<div class=\"elementor-element elementor-element-deac040 elementor-widget elementor-widget-image\" data-id=\"deac040\" data-element_type=\"widget\" data-widget_type=\"image.default\">\n\t\t\t\t<div class=\"elementor-widget-container\">\n\t\t\t<style>\/*! elementor - v3.12.2 - 23-04-2023 *\/\n.elementor-widget-image{text-align:center}.elementor-widget-image a{display:inline-block}.elementor-widget-image a img[src$=\".svg\"]{width:48px}.elementor-widget-image img{vertical-align:middle;display:inline-block}<\/style>\t\t\t\t\t\t\t\t\t\t\t\t<img loading=\"lazy\" decoding=\"async\" width=\"2560\" height=\"1440\" src=\"https:\/\/www.ptmas.cz\/wp-content\/uploads\/DJI_0244-scaled.jpg\" class=\"attachment-full size-full wp-image-4190\" alt=\"\" srcset=\"https:\/\/www.ptmas.cz\/wp-content\/uploads\/DJI_0244-scaled.jpg 2560w, https:\/\/www.ptmas.cz\/wp-content\/uploads\/DJI_0244-500x281.jpg 500w, https:\/\/www.ptmas.cz\/wp-content\/uploads\/DJI_0244-1280x720.jpg 1280w, https:\/\/www.ptmas.cz\/wp-content\/uploads\/DJI_0244-768x432.jpg 768w, https:\/\/www.ptmas.cz\/wp-content\/uploads\/DJI_0244-1536x864.jpg 1536w, https:\/\/www.ptmas.cz\/wp-content\/uploads\/DJI_0244-2048x1152.jpg 2048w\" sizes=\"auto, (max-width: 2560px) 100vw, 2560px\" \/>\t\t\t\t\t\t\t\t\t\t\t\t\t\t\t<\/div>\n\t\t\t\t<\/div>\n\t\t\t\t\t<\/div>\n\t\t<\/div>\n\t\t\t\t\t\t\t<\/div>\n\t\t<\/section>\n\t\t\t\t\t\t\t<\/div>\n\t\t","protected":false},"excerpt":{"rendered":"<p>PTM HallConstruction s.r.o. Eine Abteilung der Holding, die sich mit der Herstellung und dem Bau von Innengeb\u00e4uden besch\u00e4ftigt.Wir bieten unseren Kunden neue Geb\u00e4ude, Rekonstruktion, Erweiterungen, Umbau, Design und Build-Methode, f\u00fcr Indoor-Geb\u00e4ude der folgenden Arten: LagerungProduktionSportHauptquartiere und EinrichtungenMehrzweckgeb\u00e4udeHangarsAgro-Segment &#8211; Segeltuch &#8211; tempor\u00e4r, permanent&#8211; Stahl&#8211; Prefa&#8211; aus Holzeinst\u00f6ckigmehrst\u00f6ckig<\/p>\n","protected":false},"author":1,"featured_media":0,"parent":0,"menu_order":0,"comment_status":"closed","ping_status":"closed","template":"","meta":{"_seopress_robots_primary_cat":"","footnotes":""},"wf_page_folders":[61],"class_list":["post-3793","page","type-page","status-publish","hentry"],"acf":[],"_links":{"self":[{"href":"https:\/\/www.ptmas.cz\/de\/wp-json\/wp\/v2\/pages\/3793","targetHints":{"allow":["GET"]}}],"collection":[{"href":"https:\/\/www.ptmas.cz\/de\/wp-json\/wp\/v2\/pages"}],"about":[{"href":"https:\/\/www.ptmas.cz\/de\/wp-json\/wp\/v2\/types\/page"}],"author":[{"embeddable":true,"href":"https:\/\/www.ptmas.cz\/de\/wp-json\/wp\/v2\/users\/1"}],"replies":[{"embeddable":true,"href":"https:\/\/www.ptmas.cz\/de\/wp-json\/wp\/v2\/comments?post=3793"}],"version-history":[{"count":10,"href":"https:\/\/www.ptmas.cz\/de\/wp-json\/wp\/v2\/pages\/3793\/revisions"}],"predecessor-version":[{"id":4365,"href":"https:\/\/www.ptmas.cz\/de\/wp-json\/wp\/v2\/pages\/3793\/revisions\/4365"}],"wp:attachment":[{"href":"https:\/\/www.ptmas.cz\/de\/wp-json\/wp\/v2\/media?parent=3793"}],"wp:term":[{"taxonomy":"wf_page_folders","embeddable":true,"href":"https:\/\/www.ptmas.cz\/de\/wp-json\/wp\/v2\/wf_page_folders?post=3793"}],"curies":[{"name":"wp","href":"https:\/\/api.w.org\/{rel}","templated":true}]}}