{"id":3863,"date":"2023-03-28T08:04:41","date_gmt":"2023-03-28T06:04:41","guid":{"rendered":"https:\/\/www.ptmas.cz\/?page_id=3863"},"modified":"2023-04-24T09:10:39","modified_gmt":"2023-04-24T07:10:39","slug":"ptm-designing-s-r-o","status":"publish","type":"page","link":"https:\/\/www.ptmas.cz\/de\/ptm-designing-s-r-o\/","title":{"rendered":"PTM Designing s.r.o."},"content":{"rendered":"\t\t<div data-elementor-type=\"wp-page\" data-elementor-id=\"3863\" class=\"elementor elementor-3863 elementor-3846\">\n\t\t\t\t\t\t\t\t\t<section class=\"elementor-section elementor-top-section elementor-element elementor-element-d2e1610 animated-slow elementor-section-boxed elementor-section-height-default elementor-section-height-default elementor-invisible\" data-id=\"d2e1610\" data-element_type=\"section\" data-settings=\"{&quot;animation&quot;:&quot;fadeIn&quot;,&quot;animation_delay&quot;:1000}\">\n\t\t\t\t\t\t<div class=\"elementor-container elementor-column-gap-default\">\n\t\t\t\t\t<div class=\"elementor-column elementor-col-100 elementor-top-column elementor-element elementor-element-955af00\" data-id=\"955af00\" data-element_type=\"column\">\n\t\t\t<div class=\"elementor-widget-wrap elementor-element-populated\">\n\t\t\t\t\t\t\t\t<div class=\"elementor-element elementor-element-4b478be elementor-widget elementor-widget-heading\" data-id=\"4b478be\" data-element_type=\"widget\" data-widget_type=\"heading.default\">\n\t\t\t\t<div class=\"elementor-widget-container\">\n\t\t\t<style>\/*! elementor - v3.12.2 - 23-04-2023 *\/\n.elementor-heading-title{padding:0;margin:0;line-height:1}.elementor-widget-heading .elementor-heading-title[class*=elementor-size-]>a{color:inherit;font-size:inherit;line-height:inherit}.elementor-widget-heading .elementor-heading-title.elementor-size-small{font-size:15px}.elementor-widget-heading .elementor-heading-title.elementor-size-medium{font-size:19px}.elementor-widget-heading .elementor-heading-title.elementor-size-large{font-size:29px}.elementor-widget-heading .elementor-heading-title.elementor-size-xl{font-size:39px}.elementor-widget-heading .elementor-heading-title.elementor-size-xxl{font-size:59px}<\/style><h1 class=\"elementor-heading-title elementor-size-default\">PTM Designing s.r.o.<\/h1>\t\t<\/div>\n\t\t\t\t<\/div>\n\t\t\t\t<div class=\"elementor-element elementor-element-aff6e92 elementor-widget elementor-widget-text-editor\" data-id=\"aff6e92\" data-element_type=\"widget\" data-widget_type=\"text-editor.default\">\n\t\t\t\t<div class=\"elementor-widget-container\">\n\t\t\t<style>\/*! elementor - v3.12.2 - 23-04-2023 *\/\n.elementor-widget-text-editor.elementor-drop-cap-view-stacked .elementor-drop-cap{background-color:#69727d;color:#fff}.elementor-widget-text-editor.elementor-drop-cap-view-framed .elementor-drop-cap{color:#69727d;border:3px solid;background-color:transparent}.elementor-widget-text-editor:not(.elementor-drop-cap-view-default) .elementor-drop-cap{margin-top:8px}.elementor-widget-text-editor:not(.elementor-drop-cap-view-default) .elementor-drop-cap-letter{width:1em;height:1em}.elementor-widget-text-editor .elementor-drop-cap{float:left;text-align:center;line-height:1;font-size:50px}.elementor-widget-text-editor .elementor-drop-cap-letter{display:inline-block}<\/style>\t\t\t\t<p style=\"text-align: center;\">Mitglied der Holding als unabh\u00e4ngiges und eigenes Konstruktionsb\u00fcro in einem breiten Team. <br \/>Nehmen Sie Kontakt mit uns auf und wir werden Sie mit:<\/p><p>WASSERWIRTSCHAFTLICHE PROJEKTE<br \/>STRASSENBAUPROJEKTE<br \/>TIEFBAUPROJEKTE<\/p><p>&#8211; Investitionsprojekte<br \/>&#8211; <strong>STS oder PPR<\/strong> &#8211; Baustudie oder vorbereitende Arbeiten<br \/>&#8211; <strong>D\u00daR<\/strong> &#8211; Unterlagen f\u00fcr die Erteilung einer Entscheidung \u00fcber den Standort des Bauvorhabens (Planfeststellungsbeschluss)<br \/><strong>&#8211; DSP<\/strong> &#8211; Unterlagen f\u00fcr die Baugenehmigung<br \/><strong>&#8211; DOS &#8211;<\/strong> Dokumentation f\u00fcr die Bauanzeige<br \/><strong>&#8211; DZS &#8211;<\/strong> Dokumentation f\u00fcr die Bauvergabe<br \/><strong>&#8211; DPS &#8211;<\/strong> Dokumentation f\u00fcr die Bauausf\u00fchrung<br \/><strong>&#8211; RDS &#8211;<\/strong> Dokumentation der Bauausf\u00fchrung<br \/><strong>&#8211; VTD &#8211;<\/strong> Produktionstechnische Dokumentation<br \/><strong>&#8211; DSPS (SKP) &#8211;<\/strong> Dokumentation der tats\u00e4chlichen Bauausf\u00fchrung<\/p><p><strong>LANDSCHAFTSARCHITEKTUR<\/strong><br \/>&#8211; Umweltvertr\u00e4glichkeitspr\u00fcfung EIA <br \/>&#8211; Bewertung der Gesamtenergieeffizienz von Geb\u00e4uden PENB <br \/>&#8211; Spezielle Untersuchungen und Bewertungen &#8211; L\u00e4rm &#8211; Abfall &#8211; Emissionen<\/p><p>INGENIEURT\u00c4TIGKEITEN<br \/>STATIK UND DYNAMIK VON GEB\u00c4UDEN<\/p>\t\t\t\t\t\t<\/div>\n\t\t\t\t<\/div>\n\t\t\t\t\t<\/div>\n\t\t<\/div>\n\t\t\t\t\t\t\t<\/div>\n\t\t<\/section>\n\t\t\t\t<section class=\"elementor-section elementor-top-section elementor-element elementor-element-4987ab3 elementor-section-boxed elementor-section-height-default elementor-section-height-default\" data-id=\"4987ab3\" data-element_type=\"section\">\n\t\t\t\t\t\t<div class=\"elementor-container elementor-column-gap-default\">\n\t\t\t\t\t<div class=\"elementor-column elementor-col-100 elementor-top-column elementor-element elementor-element-e6d3edf\" data-id=\"e6d3edf\" data-element_type=\"column\">\n\t\t\t<div class=\"elementor-widget-wrap elementor-element-populated\">\n\t\t\t\t\t\t\t\t<div class=\"elementor-element elementor-element-13353b6 elementor-widget elementor-widget-image\" data-id=\"13353b6\" data-element_type=\"widget\" data-widget_type=\"image.default\">\n\t\t\t\t<div class=\"elementor-widget-container\">\n\t\t\t<style>\/*! elementor - v3.12.2 - 23-04-2023 *\/\n.elementor-widget-image{text-align:center}.elementor-widget-image a{display:inline-block}.elementor-widget-image a img[src$=\".svg\"]{width:48px}.elementor-widget-image img{vertical-align:middle;display:inline-block}<\/style>\t\t\t\t\t\t\t\t\t\t\t\t<img loading=\"lazy\" decoding=\"async\" width=\"2560\" height=\"1767\" src=\"https:\/\/www.ptmas.cz\/wp-content\/uploads\/B-scaled.jpg\" class=\"attachment-full size-full wp-image-4198\" alt=\"\" srcset=\"https:\/\/www.ptmas.cz\/wp-content\/uploads\/B-scaled.jpg 2560w, https:\/\/www.ptmas.cz\/wp-content\/uploads\/B-500x345.jpg 500w, https:\/\/www.ptmas.cz\/wp-content\/uploads\/B-1280x883.jpg 1280w, https:\/\/www.ptmas.cz\/wp-content\/uploads\/B-768x530.jpg 768w, https:\/\/www.ptmas.cz\/wp-content\/uploads\/B-1536x1060.jpg 1536w, https:\/\/www.ptmas.cz\/wp-content\/uploads\/B-2048x1414.jpg 2048w\" sizes=\"auto, (max-width: 2560px) 100vw, 2560px\" \/>\t\t\t\t\t\t\t\t\t\t\t\t\t\t\t<\/div>\n\t\t\t\t<\/div>\n\t\t\t\t\t<\/div>\n\t\t<\/div>\n\t\t\t\t\t\t\t<\/div>\n\t\t<\/section>\n\t\t\t\t\t\t\t<\/div>\n\t\t","protected":false},"excerpt":{"rendered":"<p>PTM Designing s.r.o. Mitglied der Holding als unabh\u00e4ngiges und eigenes Konstruktionsb\u00fcro in einem breiten Team. Nehmen Sie Kontakt mit uns auf und wir werden Sie mit: WASSERWIRTSCHAFTLICHE PROJEKTESTRASSENBAUPROJEKTETIEFBAUPROJEKTE &#8211; Investitionsprojekte&#8211; STS oder PPR &#8211; Baustudie oder vorbereitende Arbeiten&#8211; D\u00daR &#8211; Unterlagen f\u00fcr die Erteilung einer Entscheidung \u00fcber den Standort des Bauvorhabens (Planfeststellungsbeschluss)&#8211; DSP &#8211; Unterlagen [&hellip;]<\/p>\n","protected":false},"author":1,"featured_media":0,"parent":0,"menu_order":0,"comment_status":"closed","ping_status":"closed","template":"","meta":{"_seopress_robots_primary_cat":"","footnotes":""},"wf_page_folders":[61],"class_list":["post-3863","page","type-page","status-publish","hentry"],"acf":[],"_links":{"self":[{"href":"https:\/\/www.ptmas.cz\/de\/wp-json\/wp\/v2\/pages\/3863","targetHints":{"allow":["GET"]}}],"collection":[{"href":"https:\/\/www.ptmas.cz\/de\/wp-json\/wp\/v2\/pages"}],"about":[{"href":"https:\/\/www.ptmas.cz\/de\/wp-json\/wp\/v2\/types\/page"}],"author":[{"embeddable":true,"href":"https:\/\/www.ptmas.cz\/de\/wp-json\/wp\/v2\/users\/1"}],"replies":[{"embeddable":true,"href":"https:\/\/www.ptmas.cz\/de\/wp-json\/wp\/v2\/comments?post=3863"}],"version-history":[{"count":10,"href":"https:\/\/www.ptmas.cz\/de\/wp-json\/wp\/v2\/pages\/3863\/revisions"}],"predecessor-version":[{"id":4368,"href":"https:\/\/www.ptmas.cz\/de\/wp-json\/wp\/v2\/pages\/3863\/revisions\/4368"}],"wp:attachment":[{"href":"https:\/\/www.ptmas.cz\/de\/wp-json\/wp\/v2\/media?parent=3863"}],"wp:term":[{"taxonomy":"wf_page_folders","embeddable":true,"href":"https:\/\/www.ptmas.cz\/de\/wp-json\/wp\/v2\/wf_page_folders?post=3863"}],"curies":[{"name":"wp","href":"https:\/\/api.w.org\/{rel}","templated":true}]}}