{"id":3894,"date":"2023-03-28T08:10:32","date_gmt":"2023-03-28T06:10:32","guid":{"rendered":"https:\/\/www.ptmas.cz\/?page_id=3894"},"modified":"2023-04-24T09:16:35","modified_gmt":"2023-04-24T07:16:35","slug":"ptm-internationaler-stiftungsfonds","status":"publish","type":"page","link":"https:\/\/www.ptmas.cz\/de\/ptm-internationaler-stiftungsfonds\/","title":{"rendered":"PTM Internationaler Stiftungsfonds"},"content":{"rendered":"\t\t<div data-elementor-type=\"wp-page\" data-elementor-id=\"3894\" class=\"elementor elementor-3894 elementor-3877\">\n\t\t\t\t\t\t\t\t\t<section class=\"elementor-section elementor-top-section elementor-element elementor-element-9b756b6 animated-slow elementor-section-boxed elementor-section-height-default elementor-section-height-default elementor-invisible\" data-id=\"9b756b6\" data-element_type=\"section\" data-settings=\"{&quot;animation&quot;:&quot;fadeIn&quot;,&quot;animation_delay&quot;:1000}\">\n\t\t\t\t\t\t<div class=\"elementor-container elementor-column-gap-default\">\n\t\t\t\t\t<div class=\"elementor-column elementor-col-100 elementor-top-column elementor-element elementor-element-aaa2226\" data-id=\"aaa2226\" data-element_type=\"column\">\n\t\t\t<div class=\"elementor-widget-wrap elementor-element-populated\">\n\t\t\t\t\t\t\t\t<div class=\"elementor-element elementor-element-b628aa4 elementor-widget elementor-widget-heading\" data-id=\"b628aa4\" data-element_type=\"widget\" data-widget_type=\"heading.default\">\n\t\t\t\t<div class=\"elementor-widget-container\">\n\t\t\t<style>\/*! elementor - v3.12.2 - 23-04-2023 *\/\n.elementor-heading-title{padding:0;margin:0;line-height:1}.elementor-widget-heading .elementor-heading-title[class*=elementor-size-]>a{color:inherit;font-size:inherit;line-height:inherit}.elementor-widget-heading .elementor-heading-title.elementor-size-small{font-size:15px}.elementor-widget-heading .elementor-heading-title.elementor-size-medium{font-size:19px}.elementor-widget-heading .elementor-heading-title.elementor-size-large{font-size:29px}.elementor-widget-heading .elementor-heading-title.elementor-size-xl{font-size:39px}.elementor-widget-heading .elementor-heading-title.elementor-size-xxl{font-size:59px}<\/style><h1 class=\"elementor-heading-title elementor-size-default\">PTM Internationaler Stiftungsfonds<\/h1>\t\t<\/div>\n\t\t\t\t<\/div>\n\t\t\t\t<div class=\"elementor-element elementor-element-59a1893 elementor-widget elementor-widget-text-editor\" data-id=\"59a1893\" data-element_type=\"widget\" data-widget_type=\"text-editor.default\">\n\t\t\t\t<div class=\"elementor-widget-container\">\n\t\t\t<style>\/*! elementor - v3.12.2 - 23-04-2023 *\/\n.elementor-widget-text-editor.elementor-drop-cap-view-stacked .elementor-drop-cap{background-color:#69727d;color:#fff}.elementor-widget-text-editor.elementor-drop-cap-view-framed .elementor-drop-cap{color:#69727d;border:3px solid;background-color:transparent}.elementor-widget-text-editor:not(.elementor-drop-cap-view-default) .elementor-drop-cap{margin-top:8px}.elementor-widget-text-editor:not(.elementor-drop-cap-view-default) .elementor-drop-cap-letter{width:1em;height:1em}.elementor-widget-text-editor .elementor-drop-cap{float:left;text-align:center;line-height:1;font-size:50px}.elementor-widget-text-editor .elementor-drop-cap-letter{display:inline-block}<\/style>\t\t\t\t<p style=\"text-align: center;\">Die PTM International Foundation &#8222;dient und unterst\u00fctzt&#8220;. Dies ist der Kern ihrer Gr\u00fcndung und ihrer Funktionsweise.<\/p><p style=\"text-align: center;\">Sie ist nicht durch ihren Fokus und Zweck begrenzt. In der Welt um uns herum gibt es viele Anreize, von denen wir alle ein Teil sind. Es gibt viele Gr\u00fcnde f\u00fcr Freude, Besorgnis, Unterst\u00fctzung, Leid&#8230;<\/p><p style=\"text-align: center;\"><br \/>Der Fonds versucht, im Rahmen seiner M\u00f6glichkeiten dort zu helfen, wo die Not im Moment am gr\u00f6\u00dften ist, und das immer f\u00fcr einen guten Zweck.<\/p><p style=\"text-align: center;\"><br \/>Kinder, Senioren, Sportler, Studenten, Kranke, Familien, &#8230; es gibt unendlich viele solcher M\u00f6glichkeiten. Nur muss eine solche Unterst\u00fctzung immer richtig ausgew\u00e4hlt, \u00fcberlegt und abgewickelt werden.<br \/>Daf\u00fcr sind wir da! F\u00fcr den Rest von Ihnen&#8230; Machen Sie mit uns mit, tun Sie Gutes&#8230;<\/p>\t\t\t\t\t\t<\/div>\n\t\t\t\t<\/div>\n\t\t\t\t\t<\/div>\n\t\t<\/div>\n\t\t\t\t\t\t\t<\/div>\n\t\t<\/section>\n\t\t\t\t<section class=\"elementor-section elementor-top-section elementor-element elementor-element-46b6127 elementor-section-boxed elementor-section-height-default elementor-section-height-default\" data-id=\"46b6127\" data-element_type=\"section\">\n\t\t\t\t\t\t<div class=\"elementor-container elementor-column-gap-default\">\n\t\t\t\t\t<div class=\"elementor-column elementor-col-100 elementor-top-column elementor-element elementor-element-588d005\" data-id=\"588d005\" data-element_type=\"column\">\n\t\t\t<div class=\"elementor-widget-wrap elementor-element-populated\">\n\t\t\t\t\t\t\t\t<div class=\"elementor-element elementor-element-45d43f2 elementor-widget elementor-widget-image\" data-id=\"45d43f2\" data-element_type=\"widget\" data-widget_type=\"image.default\">\n\t\t\t\t<div class=\"elementor-widget-container\">\n\t\t\t<style>\/*! elementor - v3.12.2 - 23-04-2023 *\/\n.elementor-widget-image{text-align:center}.elementor-widget-image a{display:inline-block}.elementor-widget-image a img[src$=\".svg\"]{width:48px}.elementor-widget-image img{vertical-align:middle;display:inline-block}<\/style>\t\t\t\t\t\t\t\t\t\t\t\t<img loading=\"lazy\" decoding=\"async\" width=\"713\" height=\"714\" src=\"https:\/\/www.ptmas.cz\/wp-content\/uploads\/ptm-kulate-1.webp\" class=\"attachment-full size-full wp-image-4214\" alt=\"\" srcset=\"https:\/\/www.ptmas.cz\/wp-content\/uploads\/ptm-kulate-1.webp 713w, https:\/\/www.ptmas.cz\/wp-content\/uploads\/ptm-kulate-1-500x500.webp 500w, https:\/\/www.ptmas.cz\/wp-content\/uploads\/ptm-kulate-1-150x150.webp 150w\" sizes=\"auto, (max-width: 713px) 100vw, 713px\" \/>\t\t\t\t\t\t\t\t\t\t\t\t\t\t\t<\/div>\n\t\t\t\t<\/div>\n\t\t\t\t\t<\/div>\n\t\t<\/div>\n\t\t\t\t\t\t\t<\/div>\n\t\t<\/section>\n\t\t\t\t\t\t\t<\/div>\n\t\t","protected":false},"excerpt":{"rendered":"<p>PTM Internationaler Stiftungsfonds Die PTM International Foundation &#8222;dient und unterst\u00fctzt&#8220;. Dies ist der Kern ihrer Gr\u00fcndung und ihrer Funktionsweise. Sie ist nicht durch ihren Fokus und Zweck begrenzt. In der Welt um uns herum gibt es viele Anreize, von denen wir alle ein Teil sind. Es gibt viele Gr\u00fcnde f\u00fcr Freude, Besorgnis, Unterst\u00fctzung, Leid&#8230; Der [&hellip;]<\/p>\n","protected":false},"author":1,"featured_media":3751,"parent":0,"menu_order":0,"comment_status":"closed","ping_status":"closed","template":"","meta":{"_seopress_robots_primary_cat":"","footnotes":""},"wf_page_folders":[61],"class_list":["post-3894","page","type-page","status-publish","has-post-thumbnail","hentry"],"acf":[],"_links":{"self":[{"href":"https:\/\/www.ptmas.cz\/de\/wp-json\/wp\/v2\/pages\/3894","targetHints":{"allow":["GET"]}}],"collection":[{"href":"https:\/\/www.ptmas.cz\/de\/wp-json\/wp\/v2\/pages"}],"about":[{"href":"https:\/\/www.ptmas.cz\/de\/wp-json\/wp\/v2\/types\/page"}],"author":[{"embeddable":true,"href":"https:\/\/www.ptmas.cz\/de\/wp-json\/wp\/v2\/users\/1"}],"replies":[{"embeddable":true,"href":"https:\/\/www.ptmas.cz\/de\/wp-json\/wp\/v2\/comments?post=3894"}],"version-history":[{"count":10,"href":"https:\/\/www.ptmas.cz\/de\/wp-json\/wp\/v2\/pages\/3894\/revisions"}],"predecessor-version":[{"id":4372,"href":"https:\/\/www.ptmas.cz\/de\/wp-json\/wp\/v2\/pages\/3894\/revisions\/4372"}],"wp:featuredmedia":[{"embeddable":true,"href":"https:\/\/www.ptmas.cz\/de\/wp-json\/wp\/v2\/media\/3751"}],"wp:attachment":[{"href":"https:\/\/www.ptmas.cz\/de\/wp-json\/wp\/v2\/media?parent=3894"}],"wp:term":[{"taxonomy":"wf_page_folders","embeddable":true,"href":"https:\/\/www.ptmas.cz\/de\/wp-json\/wp\/v2\/wf_page_folders?post=3894"}],"curies":[{"name":"wp","href":"https:\/\/api.w.org\/{rel}","templated":true}]}}